{"id":127,"date":"2023-12-04T22:35:18","date_gmt":"2023-12-04T22:35:18","guid":{"rendered":"https:\/\/planhumain.com\/?page_id=127"},"modified":"2025-06-23T16:29:26","modified_gmt":"2025-06-23T16:29:26","slug":"accueil","status":"publish","type":"page","link":"https:\/\/planhumain.com\/en\/","title":{"rendered":"accueil"},"content":{"rendered":"","protected":false},"excerpt":{"rendered":"","protected":false},"author":1,"featured_media":116,"parent":0,"menu_order":0,"comment_status":"closed","ping_status":"closed","template":"","meta":{"footnotes":""},"class_list":["post-127","page","type-page","status-publish","has-post-thumbnail","hentry"],"acf":[],"yoast_head":"<!-- This site is optimized with the Yoast SEO plugin v22.3 - https:\/\/yoast.com\/wordpress\/plugins\/seo\/ -->\n<title>Plan humain : de l&#039;engagement \u00e0 l\u2019impact<\/title>\n<meta name=\"description\" content=\"Nous aidons les entreprises \u00e0 s&#039;engager en RSE avec une approche sur mesure, graduelle et viable qui cr\u00e9e de la valeur \u00e0 chaque point\" \/>\n<meta name=\"robots\" content=\"index, follow, max-snippet:-1, max-image-preview:large, max-video-preview:-1\" \/>\n<link rel=\"canonical\" href=\"https:\/\/planhumain.com\/en\" \/>\n<meta property=\"og:locale\" content=\"en_US\" \/>\n<meta property=\"og:type\" content=\"article\" \/>\n<meta property=\"og:title\" content=\"Plan humain : de l&#039;engagement \u00e0 l\u2019impact\" \/>\n<meta property=\"og:description\" content=\"Nous aidons les entreprises \u00e0 s&#039;engager en RSE avec une approche sur mesure, graduelle et viable qui cr\u00e9e de la valeur \u00e0 chaque point\" \/>\n<meta property=\"og:url\" content=\"https:\/\/planhumain.com\/en\" \/>\n<meta property=\"og:site_name\" content=\"Plan humain\" \/>\n<meta property=\"article:modified_time\" content=\"2025-06-23T16:29:26+00:00\" \/>\n<meta property=\"og:image\" content=\"https:\/\/planhumain.com\/wp-content\/uploads\/2023\/12\/Galerie_Plan_Humain_109.jpg\" \/>\n\t<meta property=\"og:image:width\" content=\"2048\" \/>\n\t<meta property=\"og:image:height\" content=\"1366\" \/>\n\t<meta property=\"og:image:type\" content=\"image\/jpeg\" \/>\n<meta name=\"twitter:card\" content=\"summary_large_image\" \/>\n<meta name=\"twitter:label1\" content=\"Est. reading time\" \/>\n\t<meta name=\"twitter:data1\" content=\"1 minute\" \/>\n<script type=\"application\/ld+json\" class=\"yoast-schema-graph\">{\"@context\":\"https:\/\/schema.org\",\"@graph\":[{\"@type\":\"WebPage\",\"@id\":\"https:\/\/planhumain.com\/\",\"url\":\"https:\/\/planhumain.com\/\",\"name\":\"Plan humain : de l'engagement \u00e0 l\u2019impact\",\"isPartOf\":{\"@id\":\"https:\/\/planhumain.com\/fr\/#website\"},\"primaryImageOfPage\":{\"@id\":\"https:\/\/planhumain.com\/#primaryimage\"},\"image\":{\"@id\":\"https:\/\/planhumain.com\/#primaryimage\"},\"thumbnailUrl\":\"https:\/\/planhumain.com\/wp-content\/uploads\/2023\/12\/Galerie_Plan_Humain_109.jpg\",\"datePublished\":\"2023-12-04T22:35:18+00:00\",\"dateModified\":\"2025-06-23T16:29:26+00:00\",\"description\":\"Nous aidons les entreprises \u00e0 s'engager en RSE avec une approche sur mesure, graduelle et viable qui cr\u00e9e de la valeur \u00e0 chaque point\",\"breadcrumb\":{\"@id\":\"https:\/\/planhumain.com\/#breadcrumb\"},\"inLanguage\":\"en-US\",\"potentialAction\":[{\"@type\":\"ReadAction\",\"target\":[\"https:\/\/planhumain.com\/\"]}]},{\"@type\":\"ImageObject\",\"inLanguage\":\"en-US\",\"@id\":\"https:\/\/planhumain.com\/#primaryimage\",\"url\":\"https:\/\/planhumain.com\/wp-content\/uploads\/2023\/12\/Galerie_Plan_Humain_109.jpg\",\"contentUrl\":\"https:\/\/planhumain.com\/wp-content\/uploads\/2023\/12\/Galerie_Plan_Humain_109.jpg\",\"width\":2048,\"height\":1366},{\"@type\":\"BreadcrumbList\",\"@id\":\"https:\/\/planhumain.com\/#breadcrumb\",\"itemListElement\":[{\"@type\":\"ListItem\",\"position\":1,\"name\":\"Home\",\"item\":\"https:\/\/planhumain.com\/\"},{\"@type\":\"ListItem\",\"position\":2,\"name\":\"accueil\"}]},{\"@type\":\"WebSite\",\"@id\":\"https:\/\/planhumain.com\/fr\/#website\",\"url\":\"https:\/\/planhumain.com\/fr\/\",\"name\":\"Plan humain\",\"description\":\"\",\"potentialAction\":[{\"@type\":\"SearchAction\",\"target\":{\"@type\":\"EntryPoint\",\"urlTemplate\":\"https:\/\/planhumain.com\/fr\/?s={search_term_string}\"},\"query-input\":\"required name=search_term_string\"}],\"inLanguage\":\"en-US\"}]}<\/script>\n<!-- \/ Yoast SEO plugin. -->","yoast_head_json":{"title":"Plan humain : de l'engagement \u00e0 l\u2019impact","description":"Nous aidons les entreprises \u00e0 s'engager en RSE avec une approche sur mesure, graduelle et viable qui cr\u00e9e de la valeur \u00e0 chaque point","robots":{"index":"index","follow":"follow","max-snippet":"max-snippet:-1","max-image-preview":"max-image-preview:large","max-video-preview":"max-video-preview:-1"},"canonical":"https:\/\/planhumain.com\/en","og_locale":"en_US","og_type":"article","og_title":"Plan humain : de l'engagement \u00e0 l\u2019impact","og_description":"Nous aidons les entreprises \u00e0 s'engager en RSE avec une approche sur mesure, graduelle et viable qui cr\u00e9e de la valeur \u00e0 chaque point","og_url":"https:\/\/planhumain.com\/en","og_site_name":"Plan humain","article_modified_time":"2025-06-23T16:29:26+00:00","og_image":[{"width":2048,"height":1366,"url":"https:\/\/planhumain.com\/wp-content\/uploads\/2023\/12\/Galerie_Plan_Humain_109.jpg","type":"image\/jpeg"}],"twitter_card":"summary_large_image","twitter_misc":{"Est. reading time":"1 minute"},"schema":{"@context":"https:\/\/schema.org","@graph":[{"@type":"WebPage","@id":"https:\/\/planhumain.com\/","url":"https:\/\/planhumain.com\/","name":"Plan humain : de l'engagement \u00e0 l\u2019impact","isPartOf":{"@id":"https:\/\/planhumain.com\/fr\/#website"},"primaryImageOfPage":{"@id":"https:\/\/planhumain.com\/#primaryimage"},"image":{"@id":"https:\/\/planhumain.com\/#primaryimage"},"thumbnailUrl":"https:\/\/planhumain.com\/wp-content\/uploads\/2023\/12\/Galerie_Plan_Humain_109.jpg","datePublished":"2023-12-04T22:35:18+00:00","dateModified":"2025-06-23T16:29:26+00:00","description":"Nous aidons les entreprises \u00e0 s'engager en RSE avec une approche sur mesure, graduelle et viable qui cr\u00e9e de la valeur \u00e0 chaque point","breadcrumb":{"@id":"https:\/\/planhumain.com\/#breadcrumb"},"inLanguage":"en-US","potentialAction":[{"@type":"ReadAction","target":["https:\/\/planhumain.com\/"]}]},{"@type":"ImageObject","inLanguage":"en-US","@id":"https:\/\/planhumain.com\/#primaryimage","url":"https:\/\/planhumain.com\/wp-content\/uploads\/2023\/12\/Galerie_Plan_Humain_109.jpg","contentUrl":"https:\/\/planhumain.com\/wp-content\/uploads\/2023\/12\/Galerie_Plan_Humain_109.jpg","width":2048,"height":1366},{"@type":"BreadcrumbList","@id":"https:\/\/planhumain.com\/#breadcrumb","itemListElement":[{"@type":"ListItem","position":1,"name":"Home","item":"https:\/\/planhumain.com\/"},{"@type":"ListItem","position":2,"name":"accueil"}]},{"@type":"WebSite","@id":"https:\/\/planhumain.com\/fr\/#website","url":"https:\/\/planhumain.com\/fr\/","name":"Plan humain","description":"","potentialAction":[{"@type":"SearchAction","target":{"@type":"EntryPoint","urlTemplate":"https:\/\/planhumain.com\/fr\/?s={search_term_string}"},"query-input":"required name=search_term_string"}],"inLanguage":"en-US"}]}},"_links":{"self":[{"href":"https:\/\/planhumain.com\/en\/wp-json\/wp\/v2\/pages\/127","targetHints":{"allow":["GET"]}}],"collection":[{"href":"https:\/\/planhumain.com\/en\/wp-json\/wp\/v2\/pages"}],"about":[{"href":"https:\/\/planhumain.com\/en\/wp-json\/wp\/v2\/types\/page"}],"author":[{"embeddable":true,"href":"https:\/\/planhumain.com\/en\/wp-json\/wp\/v2\/users\/1"}],"replies":[{"embeddable":true,"href":"https:\/\/planhumain.com\/en\/wp-json\/wp\/v2\/comments?post=127"}],"version-history":[{"count":27,"href":"https:\/\/planhumain.com\/en\/wp-json\/wp\/v2\/pages\/127\/revisions"}],"predecessor-version":[{"id":508,"href":"https:\/\/planhumain.com\/en\/wp-json\/wp\/v2\/pages\/127\/revisions\/508"}],"wp:featuredmedia":[{"embeddable":true,"href":"https:\/\/planhumain.com\/en\/wp-json\/wp\/v2\/media\/116"}],"wp:attachment":[{"href":"https:\/\/planhumain.com\/en\/wp-json\/wp\/v2\/media?parent=127"}],"curies":[{"name":"wp","href":"https:\/\/api.w.org\/{rel}","templated":true}]}}