{"id":118,"date":"2023-12-04T22:27:12","date_gmt":"2023-12-04T22:27:12","guid":{"rendered":"https:\/\/planhumain.com\/?page_id=118"},"modified":"2025-06-12T19:47:07","modified_gmt":"2025-06-12T19:47:07","slug":"services","status":"publish","type":"page","link":"https:\/\/planhumain.com\/en\/services\/","title":{"rendered":"services"},"content":{"rendered":"","protected":false},"excerpt":{"rendered":"","protected":false},"author":1,"featured_media":496,"parent":0,"menu_order":0,"comment_status":"closed","ping_status":"closed","template":"","meta":{"footnotes":""},"class_list":["post-118","page","type-page","status-publish","has-post-thumbnail","hentry"],"acf":[],"yoast_head":"<!-- This site is optimized with the Yoast SEO plugin v22.3 - https:\/\/yoast.com\/wordpress\/plugins\/seo\/ -->\n<title>Nos services | Plan humain<\/title>\n<meta name=\"description\" content=\"Strat\u00e9gie. \u00c9valuation. Impartition. Coaching. Nos experts en RSE vous aident \u00e0 imaginer, g\u00e9n\u00e9rer et inspirer l\u2019impact social.\" \/>\n<meta name=\"robots\" content=\"index, follow, max-snippet:-1, max-image-preview:large, max-video-preview:-1\" \/>\n<link rel=\"canonical\" href=\"https:\/\/planhumain.com\/en\/services\" \/>\n<meta property=\"og:locale\" content=\"en_US\" \/>\n<meta property=\"og:type\" content=\"article\" \/>\n<meta property=\"og:title\" content=\"Nos services | Plan humain\" \/>\n<meta property=\"og:description\" content=\"Strat\u00e9gie. \u00c9valuation. Impartition. Coaching. Nos experts en RSE vous aident \u00e0 imaginer, g\u00e9n\u00e9rer et inspirer l\u2019impact social.\" \/>\n<meta property=\"og:url\" content=\"https:\/\/planhumain.com\/en\/services\" \/>\n<meta property=\"og:site_name\" content=\"Plan humain\" \/>\n<meta property=\"article:modified_time\" content=\"2025-06-12T19:47:07+00:00\" \/>\n<meta property=\"og:image\" content=\"https:\/\/planhumain.com\/wp-content\/uploads\/2025\/06\/Plan-Humain_Trio_10.webp\" \/>\n\t<meta property=\"og:image:width\" content=\"2048\" \/>\n\t<meta property=\"og:image:height\" content=\"1366\" \/>\n\t<meta property=\"og:image:type\" content=\"image\/webp\" \/>\n<meta name=\"twitter:card\" content=\"summary_large_image\" \/>\n<meta name=\"twitter:label1\" content=\"Est. reading time\" \/>\n\t<meta name=\"twitter:data1\" content=\"1 minute\" \/>\n<script type=\"application\/ld+json\" class=\"yoast-schema-graph\">{\"@context\":\"https:\/\/schema.org\",\"@graph\":[{\"@type\":\"WebPage\",\"@id\":\"https:\/\/planhumain.com\/services\/\",\"url\":\"https:\/\/planhumain.com\/services\/\",\"name\":\"Nos services | Plan humain\",\"isPartOf\":{\"@id\":\"https:\/\/planhumain.com\/fr\/#website\"},\"primaryImageOfPage\":{\"@id\":\"https:\/\/planhumain.com\/services\/#primaryimage\"},\"image\":{\"@id\":\"https:\/\/planhumain.com\/services\/#primaryimage\"},\"thumbnailUrl\":\"https:\/\/planhumain.com\/wp-content\/uploads\/2025\/06\/Plan-Humain_Trio_10.webp\",\"datePublished\":\"2023-12-04T22:27:12+00:00\",\"dateModified\":\"2025-06-12T19:47:07+00:00\",\"description\":\"Strat\u00e9gie. \u00c9valuation. Impartition. Coaching. Nos experts en RSE vous aident \u00e0 imaginer, g\u00e9n\u00e9rer et inspirer l\u2019impact social.\",\"breadcrumb\":{\"@id\":\"https:\/\/planhumain.com\/services\/#breadcrumb\"},\"inLanguage\":\"en-US\",\"potentialAction\":[{\"@type\":\"ReadAction\",\"target\":[\"https:\/\/planhumain.com\/services\/\"]}]},{\"@type\":\"ImageObject\",\"inLanguage\":\"en-US\",\"@id\":\"https:\/\/planhumain.com\/services\/#primaryimage\",\"url\":\"https:\/\/planhumain.com\/wp-content\/uploads\/2025\/06\/Plan-Humain_Trio_10.webp\",\"contentUrl\":\"https:\/\/planhumain.com\/wp-content\/uploads\/2025\/06\/Plan-Humain_Trio_10.webp\",\"width\":2048,\"height\":1366},{\"@type\":\"BreadcrumbList\",\"@id\":\"https:\/\/planhumain.com\/services\/#breadcrumb\",\"itemListElement\":[{\"@type\":\"ListItem\",\"position\":1,\"name\":\"Home\",\"item\":\"https:\/\/planhumain.com\/\"},{\"@type\":\"ListItem\",\"position\":2,\"name\":\"services\"}]},{\"@type\":\"WebSite\",\"@id\":\"https:\/\/planhumain.com\/fr\/#website\",\"url\":\"https:\/\/planhumain.com\/fr\/\",\"name\":\"Plan humain\",\"description\":\"\",\"potentialAction\":[{\"@type\":\"SearchAction\",\"target\":{\"@type\":\"EntryPoint\",\"urlTemplate\":\"https:\/\/planhumain.com\/fr\/?s={search_term_string}\"},\"query-input\":\"required name=search_term_string\"}],\"inLanguage\":\"en-US\"}]}<\/script>\n<!-- \/ Yoast SEO plugin. -->","yoast_head_json":{"title":"Nos services | Plan humain","description":"Strat\u00e9gie. \u00c9valuation. Impartition. Coaching. Nos experts en RSE vous aident \u00e0 imaginer, g\u00e9n\u00e9rer et inspirer l\u2019impact social.","robots":{"index":"index","follow":"follow","max-snippet":"max-snippet:-1","max-image-preview":"max-image-preview:large","max-video-preview":"max-video-preview:-1"},"canonical":"https:\/\/planhumain.com\/en\/services","og_locale":"en_US","og_type":"article","og_title":"Nos services | Plan humain","og_description":"Strat\u00e9gie. \u00c9valuation. Impartition. Coaching. Nos experts en RSE vous aident \u00e0 imaginer, g\u00e9n\u00e9rer et inspirer l\u2019impact social.","og_url":"https:\/\/planhumain.com\/en\/services","og_site_name":"Plan humain","article_modified_time":"2025-06-12T19:47:07+00:00","og_image":[{"width":2048,"height":1366,"url":"https:\/\/planhumain.com\/wp-content\/uploads\/2025\/06\/Plan-Humain_Trio_10.webp","type":"image\/webp"}],"twitter_card":"summary_large_image","twitter_misc":{"Est. reading time":"1 minute"},"schema":{"@context":"https:\/\/schema.org","@graph":[{"@type":"WebPage","@id":"https:\/\/planhumain.com\/services\/","url":"https:\/\/planhumain.com\/services\/","name":"Nos services | Plan humain","isPartOf":{"@id":"https:\/\/planhumain.com\/fr\/#website"},"primaryImageOfPage":{"@id":"https:\/\/planhumain.com\/services\/#primaryimage"},"image":{"@id":"https:\/\/planhumain.com\/services\/#primaryimage"},"thumbnailUrl":"https:\/\/planhumain.com\/wp-content\/uploads\/2025\/06\/Plan-Humain_Trio_10.webp","datePublished":"2023-12-04T22:27:12+00:00","dateModified":"2025-06-12T19:47:07+00:00","description":"Strat\u00e9gie. \u00c9valuation. Impartition. Coaching. Nos experts en RSE vous aident \u00e0 imaginer, g\u00e9n\u00e9rer et inspirer l\u2019impact social.","breadcrumb":{"@id":"https:\/\/planhumain.com\/services\/#breadcrumb"},"inLanguage":"en-US","potentialAction":[{"@type":"ReadAction","target":["https:\/\/planhumain.com\/services\/"]}]},{"@type":"ImageObject","inLanguage":"en-US","@id":"https:\/\/planhumain.com\/services\/#primaryimage","url":"https:\/\/planhumain.com\/wp-content\/uploads\/2025\/06\/Plan-Humain_Trio_10.webp","contentUrl":"https:\/\/planhumain.com\/wp-content\/uploads\/2025\/06\/Plan-Humain_Trio_10.webp","width":2048,"height":1366},{"@type":"BreadcrumbList","@id":"https:\/\/planhumain.com\/services\/#breadcrumb","itemListElement":[{"@type":"ListItem","position":1,"name":"Home","item":"https:\/\/planhumain.com\/"},{"@type":"ListItem","position":2,"name":"services"}]},{"@type":"WebSite","@id":"https:\/\/planhumain.com\/fr\/#website","url":"https:\/\/planhumain.com\/fr\/","name":"Plan humain","description":"","potentialAction":[{"@type":"SearchAction","target":{"@type":"EntryPoint","urlTemplate":"https:\/\/planhumain.com\/fr\/?s={search_term_string}"},"query-input":"required name=search_term_string"}],"inLanguage":"en-US"}]}},"_links":{"self":[{"href":"https:\/\/planhumain.com\/en\/wp-json\/wp\/v2\/pages\/118","targetHints":{"allow":["GET"]}}],"collection":[{"href":"https:\/\/planhumain.com\/en\/wp-json\/wp\/v2\/pages"}],"about":[{"href":"https:\/\/planhumain.com\/en\/wp-json\/wp\/v2\/types\/page"}],"author":[{"embeddable":true,"href":"https:\/\/planhumain.com\/en\/wp-json\/wp\/v2\/users\/1"}],"replies":[{"embeddable":true,"href":"https:\/\/planhumain.com\/en\/wp-json\/wp\/v2\/comments?post=118"}],"version-history":[{"count":23,"href":"https:\/\/planhumain.com\/en\/wp-json\/wp\/v2\/pages\/118\/revisions"}],"predecessor-version":[{"id":501,"href":"https:\/\/planhumain.com\/en\/wp-json\/wp\/v2\/pages\/118\/revisions\/501"}],"wp:featuredmedia":[{"embeddable":true,"href":"https:\/\/planhumain.com\/en\/wp-json\/wp\/v2\/media\/496"}],"wp:attachment":[{"href":"https:\/\/planhumain.com\/en\/wp-json\/wp\/v2\/media?parent=118"}],"curies":[{"name":"wp","href":"https:\/\/api.w.org\/{rel}","templated":true}]}}